{"id":788,"date":"2025-03-13T09:58:23","date_gmt":"2025-03-13T08:58:23","guid":{"rendered":"http:\/\/devel.estv.hu\/?page_id=788"},"modified":"2025-09-10T11:22:28","modified_gmt":"2025-09-10T09:22:28","slug":"hirado","status":"publish","type":"page","link":"http:\/\/estv.hu\/index.php\/hirado\/","title":{"rendered":"H\u00edrad\u00f3"},"content":{"rendered":"\n<div class=\"wp-block-query alignwide is-layout-flow wp-block-query-is-layout-flow\"><ul class=\"columns-3 wp-block-post-template is-layout-grid wp-container-core-post-template-is-layout-6d3fbd8f wp-block-post-template-is-layout-grid\"><li class=\"wp-block-post post-5119 post type-post status-publish format-standard has-post-thumbnail hentry category-hirado\">\n\n<div class=\"wp-block-group is-layout-flow wp-block-group-is-layout-flow\" style=\"padding-top:30px;padding-right:30px;padding-bottom:30px;padding-left:30px\"><figure class=\"wp-block-post-featured-image\"><a href=\"http:\/\/estv.hu\/index.php\/2026\/04\/29\/hirado-2026-04-27\/\" target=\"_self\"  ><img loading=\"lazy\" decoding=\"async\" width=\"1920\" height=\"1080\" src=\"http:\/\/estv.hu\/wp-content\/uploads\/2025\/03\/hirado-cimer-logo.jpg\" class=\"attachment-post-thumbnail size-post-thumbnail wp-post-image\" alt=\"H\u00edrad\u00f3 2026. 04. 27.\" style=\"object-fit:cover;\" \/><\/a><\/figure>\n\n<h2 class=\"wp-block-post-title\"><a href=\"http:\/\/estv.hu\/index.php\/2026\/04\/29\/hirado-2026-04-27\/\" target=\"_self\" >H\u00edrad\u00f3 2026. 04. 27.<\/a><\/h2>\n\n<div class=\"has-link-color wp-elements-616c02cb5e717e2796821429e6ebe0fd wp-block-post-date has-text-color has-base-color\"><time datetime=\"2026-04-29T10:21:19+02:00\"><a href=\"http:\/\/estv.hu\/index.php\/2026\/04\/29\/hirado-2026-04-27\/\">2026-04-29<\/a><\/time><\/div><\/div>\n\n<\/li><li class=\"wp-block-post post-4995 post type-post status-publish format-standard has-post-thumbnail hentry category-hirado tag-hirado\">\n\n<div class=\"wp-block-group is-layout-flow wp-block-group-is-layout-flow\" style=\"padding-top:30px;padding-right:30px;padding-bottom:30px;padding-left:30px\"><figure class=\"wp-block-post-featured-image\"><a href=\"http:\/\/estv.hu\/index.php\/2026\/04\/23\/elo-hirado-2026-04-22\/\" target=\"_self\"  ><img loading=\"lazy\" decoding=\"async\" width=\"1920\" height=\"1080\" src=\"http:\/\/estv.hu\/wp-content\/uploads\/2025\/03\/hirado-cimer-logo.jpg\" class=\"attachment-post-thumbnail size-post-thumbnail wp-post-image\" alt=\"\u00c9l\u0151 H\u00edrad\u00f3 2026. 04. 22.\" style=\"object-fit:cover;\" \/><\/a><\/figure>\n\n<h2 class=\"wp-block-post-title\"><a href=\"http:\/\/estv.hu\/index.php\/2026\/04\/23\/elo-hirado-2026-04-22\/\" target=\"_self\" >\u00c9l\u0151 H\u00edrad\u00f3 2026. 04. 22.<\/a><\/h2>\n\n<div class=\"has-link-color wp-elements-616c02cb5e717e2796821429e6ebe0fd wp-block-post-date has-text-color has-base-color\"><time datetime=\"2026-04-23T08:47:06+02:00\"><a href=\"http:\/\/estv.hu\/index.php\/2026\/04\/23\/elo-hirado-2026-04-22\/\">2026-04-23<\/a><\/time><\/div><\/div>\n\n<\/li><li class=\"wp-block-post post-4970 post type-post status-publish format-standard has-post-thumbnail hentry category-hirado tag-hirado\">\n\n<div class=\"wp-block-group is-layout-flow wp-block-group-is-layout-flow\" style=\"padding-top:30px;padding-right:30px;padding-bottom:30px;padding-left:30px\"><figure class=\"wp-block-post-featured-image\"><a href=\"http:\/\/estv.hu\/index.php\/2026\/04\/21\/elo-hirado-2026-04-20\/\" target=\"_self\"  ><img loading=\"lazy\" decoding=\"async\" width=\"1920\" height=\"1080\" src=\"http:\/\/estv.hu\/wp-content\/uploads\/2025\/03\/hirado-cimer-logo.jpg\" class=\"attachment-post-thumbnail size-post-thumbnail wp-post-image\" alt=\"\u00c9l\u0151 H\u00edrad\u00f3 2026. 04. 20.\" style=\"object-fit:cover;\" \/><\/a><\/figure>\n\n<h2 class=\"wp-block-post-title\"><a href=\"http:\/\/estv.hu\/index.php\/2026\/04\/21\/elo-hirado-2026-04-20\/\" target=\"_self\" >\u00c9l\u0151 H\u00edrad\u00f3 2026. 04. 20.<\/a><\/h2>\n\n<div class=\"has-link-color wp-elements-616c02cb5e717e2796821429e6ebe0fd wp-block-post-date has-text-color has-base-color\"><time datetime=\"2026-04-21T09:46:28+02:00\"><a href=\"http:\/\/estv.hu\/index.php\/2026\/04\/21\/elo-hirado-2026-04-20\/\">2026-04-21<\/a><\/time><\/div><\/div>\n\n<\/li><li class=\"wp-block-post post-4947 post type-post status-publish format-standard has-post-thumbnail hentry category-hirado\">\n\n<div class=\"wp-block-group is-layout-flow wp-block-group-is-layout-flow\" style=\"padding-top:30px;padding-right:30px;padding-bottom:30px;padding-left:30px\"><figure class=\"wp-block-post-featured-image\"><a href=\"http:\/\/estv.hu\/index.php\/2026\/04\/20\/elo-hirado-2026-04-15\/\" target=\"_self\"  ><img loading=\"lazy\" decoding=\"async\" width=\"1920\" height=\"1080\" src=\"http:\/\/estv.hu\/wp-content\/uploads\/2025\/03\/hirado-cimer-logo.jpg\" class=\"attachment-post-thumbnail size-post-thumbnail wp-post-image\" alt=\"\u00c9l\u0151 H\u00edrad\u00f3 2026. 04. 15.\" style=\"object-fit:cover;\" \/><\/a><\/figure>\n\n<h2 class=\"wp-block-post-title\"><a href=\"http:\/\/estv.hu\/index.php\/2026\/04\/20\/elo-hirado-2026-04-15\/\" target=\"_self\" >\u00c9l\u0151 H\u00edrad\u00f3 2026. 04. 15.<\/a><\/h2>\n\n<div class=\"has-link-color wp-elements-616c02cb5e717e2796821429e6ebe0fd wp-block-post-date has-text-color has-base-color\"><time datetime=\"2026-04-20T08:51:31+02:00\"><a href=\"http:\/\/estv.hu\/index.php\/2026\/04\/20\/elo-hirado-2026-04-15\/\">2026-04-20<\/a><\/time><\/div><\/div>\n\n<\/li><li class=\"wp-block-post post-4912 post type-post status-publish format-standard has-post-thumbnail hentry category-hirado\">\n\n<div class=\"wp-block-group is-layout-flow wp-block-group-is-layout-flow\" style=\"padding-top:30px;padding-right:30px;padding-bottom:30px;padding-left:30px\"><figure class=\"wp-block-post-featured-image\"><a href=\"http:\/\/estv.hu\/index.php\/2026\/04\/16\/hirado-2026-04-15\/\" target=\"_self\"  ><img loading=\"lazy\" decoding=\"async\" width=\"1920\" height=\"1080\" src=\"http:\/\/estv.hu\/wp-content\/uploads\/2025\/03\/hirado-cimer-logo.jpg\" class=\"attachment-post-thumbnail size-post-thumbnail wp-post-image\" alt=\"H\u00edrad\u00f3 2026. 04. 15.\" style=\"object-fit:cover;\" \/><\/a><\/figure>\n\n<h2 class=\"wp-block-post-title\"><a href=\"http:\/\/estv.hu\/index.php\/2026\/04\/16\/hirado-2026-04-15\/\" target=\"_self\" >H\u00edrad\u00f3 2026. 04. 15.<\/a><\/h2>\n\n<div class=\"has-link-color wp-elements-616c02cb5e717e2796821429e6ebe0fd wp-block-post-date has-text-color has-base-color\"><time datetime=\"2026-04-16T13:57:26+02:00\"><a href=\"http:\/\/estv.hu\/index.php\/2026\/04\/16\/hirado-2026-04-15\/\">2026-04-16<\/a><\/time><\/div><\/div>\n\n<\/li><li class=\"wp-block-post post-4874 post type-post status-publish format-standard has-post-thumbnail hentry category-hirado\">\n\n<div class=\"wp-block-group is-layout-flow wp-block-group-is-layout-flow\" style=\"padding-top:30px;padding-right:30px;padding-bottom:30px;padding-left:30px\"><figure class=\"wp-block-post-featured-image\"><a href=\"http:\/\/estv.hu\/index.php\/2026\/04\/14\/hirado-2026-04-13\/\" target=\"_self\"  ><img loading=\"lazy\" decoding=\"async\" width=\"1920\" height=\"1080\" src=\"http:\/\/estv.hu\/wp-content\/uploads\/2025\/03\/hirado-cimer-logo.jpg\" class=\"attachment-post-thumbnail size-post-thumbnail wp-post-image\" alt=\"H\u00edrad\u00f3 2026. 04. 13.\" style=\"object-fit:cover;\" \/><\/a><\/figure>\n\n<h2 class=\"wp-block-post-title\"><a href=\"http:\/\/estv.hu\/index.php\/2026\/04\/14\/hirado-2026-04-13\/\" target=\"_self\" >H\u00edrad\u00f3 2026. 04. 13.<\/a><\/h2>\n\n<div class=\"has-link-color wp-elements-616c02cb5e717e2796821429e6ebe0fd wp-block-post-date has-text-color has-base-color\"><time datetime=\"2026-04-14T11:42:04+02:00\"><a href=\"http:\/\/estv.hu\/index.php\/2026\/04\/14\/hirado-2026-04-13\/\">2026-04-14<\/a><\/time><\/div><\/div>\n\n<\/li><\/ul>\n\n<nav class=\"wp-block-query-pagination is-content-justification-center is-layout-flex wp-container-core-query-pagination-is-layout-a89b3969 wp-block-query-pagination-is-layout-flex\" aria-label=\"Lapoz\u00e1s\">\n\n\n<div class=\"wp-block-query-pagination-numbers\"><span aria-current=\"page\" class=\"page-numbers current\">1<\/span>\n<a class=\"page-numbers\" href=\"?query-65-page=2\">2<\/a>\n<a class=\"page-numbers\" href=\"?query-65-page=3\">3<\/a>\n<span class=\"page-numbers dots\">&hellip;<\/span>\n<a class=\"page-numbers\" href=\"?query-65-page=15\">15<\/a><\/div>\n\n<a href=\"\/index.php\/wp-json\/wp\/v2\/pages\/788?query-65-page=2\" class=\"wp-block-query-pagination-next\">K\u00f6vetkez\u0151 oldal<span class='wp-block-query-pagination-next-arrow is-arrow-arrow' aria-hidden='true'>\u2192<\/span><\/a>\n<\/nav><\/div>\n\n\n\n<p><\/p>\n","protected":false},"excerpt":{"rendered":"","protected":false},"author":1,"featured_media":0,"parent":0,"menu_order":0,"comment_status":"closed","ping_status":"closed","template":"","meta":{"footnotes":""},"class_list":["post-788","page","type-page","status-publish","hentry"],"_links":{"self":[{"href":"http:\/\/estv.hu\/index.php\/wp-json\/wp\/v2\/pages\/788","targetHints":{"allow":["GET"]}}],"collection":[{"href":"http:\/\/estv.hu\/index.php\/wp-json\/wp\/v2\/pages"}],"about":[{"href":"http:\/\/estv.hu\/index.php\/wp-json\/wp\/v2\/types\/page"}],"author":[{"embeddable":true,"href":"http:\/\/estv.hu\/index.php\/wp-json\/wp\/v2\/users\/1"}],"replies":[{"embeddable":true,"href":"http:\/\/estv.hu\/index.php\/wp-json\/wp\/v2\/comments?post=788"}],"version-history":[{"count":8,"href":"http:\/\/estv.hu\/index.php\/wp-json\/wp\/v2\/pages\/788\/revisions"}],"predecessor-version":[{"id":1060,"href":"http:\/\/estv.hu\/index.php\/wp-json\/wp\/v2\/pages\/788\/revisions\/1060"}],"wp:attachment":[{"href":"http:\/\/estv.hu\/index.php\/wp-json\/wp\/v2\/media?parent=788"}],"curies":[{"name":"wp","href":"https:\/\/api.w.org\/{rel}","templated":true}]}}