{"id":944,"date":"2025-09-09T11:46:28","date_gmt":"2025-09-09T09:46:28","guid":{"rendered":"http:\/\/estv.hu\/?page_id=944"},"modified":"2025-09-10T11:22:26","modified_gmt":"2025-09-10T09:22:26","slug":"hazai","status":"publish","type":"page","link":"http:\/\/estv.hu\/index.php\/hazai\/","title":{"rendered":"Hazai"},"content":{"rendered":"\n<div class=\"wp-block-query alignwide is-layout-flow wp-block-query-is-layout-flow\"><ul class=\"columns-3 wp-block-post-template is-layout-grid wp-container-core-post-template-is-layout-572542b5 wp-block-post-template-is-layout-grid\"><li class=\"wp-block-post post-4810 post type-post status-publish format-standard has-post-thumbnail hentry category-hazai\">\n\n<div class=\"wp-block-group is-vertical is-layout-flex wp-container-core-group-is-layout-67500954 wp-block-group-is-layout-flex\" style=\"padding-top:30px;padding-right:30px;padding-bottom:30px;padding-left:30px\"><figure style=\"aspect-ratio:16\/9;height:200px; padding-top:0;padding-bottom:0;\" class=\"aligncenter wp-block-post-featured-image\"><a href=\"http:\/\/estv.hu\/index.php\/2026\/04\/10\/hazai-99\/\" target=\"_self\"  style=\"height:200px\"><img loading=\"lazy\" decoding=\"async\" width=\"1920\" height=\"1080\" src=\"http:\/\/estv.hu\/wp-content\/uploads\/2026\/04\/adrikep4.jpg\" class=\"attachment-post-thumbnail size-post-thumbnail wp-post-image\" alt=\"Hazai\" style=\"border-style:none;border-width:0px;width:100%;height:100%;object-fit:contain;\" \/><\/a><\/figure>\n\n<h3 class=\"wp-block-post-title\"><a href=\"http:\/\/estv.hu\/index.php\/2026\/04\/10\/hazai-99\/\" target=\"_self\" >Hazai<\/a><\/h3>\n\n<div class=\"has-link-color wp-elements-d6cd143b475b1f5c7fdff6b90ecc882d wp-block-post-date has-text-color has-base-color\"><time datetime=\"2026-04-10T09:32:34+02:00\">2026-04-10<\/time><\/div>\n\n<div class=\"wp-block-post-excerpt\"><p class=\"wp-block-post-excerpt__excerpt\">A k\u00f6zelm\u00faltban zajlott a V\u00e1ci Bart\u00f3k-Pik\u00e9thy Zeneiskol\u00e1ban az \u00fct\u0151s\u00f6k orsz\u00e1gos versenye, melynek megnyit\u00f3j\u00e1n \u00e9s mi is ott j\u00e1rtunk. <\/p><\/div><\/div>\n\n<\/li><li class=\"wp-block-post post-4807 post type-post status-publish format-standard has-post-thumbnail hentry category-hazai\">\n\n<div class=\"wp-block-group is-vertical is-layout-flex wp-container-core-group-is-layout-67500954 wp-block-group-is-layout-flex\" style=\"padding-top:30px;padding-right:30px;padding-bottom:30px;padding-left:30px\"><figure style=\"aspect-ratio:16\/9;height:200px; padding-top:0;padding-bottom:0;\" class=\"aligncenter wp-block-post-featured-image\"><a href=\"http:\/\/estv.hu\/index.php\/2026\/04\/10\/hazai-98\/\" target=\"_self\"  style=\"height:200px\"><img loading=\"lazy\" decoding=\"async\" width=\"1920\" height=\"1080\" src=\"http:\/\/estv.hu\/wp-content\/uploads\/2026\/04\/adriekp4.jpg\" class=\"attachment-post-thumbnail size-post-thumbnail wp-post-image\" alt=\"Hazai\" style=\"border-style:none;border-width:0px;width:100%;height:100%;object-fit:contain;\" \/><\/a><\/figure>\n\n<h3 class=\"wp-block-post-title\"><a href=\"http:\/\/estv.hu\/index.php\/2026\/04\/10\/hazai-98\/\" target=\"_self\" >Hazai<\/a><\/h3>\n\n<div class=\"has-link-color wp-elements-d6cd143b475b1f5c7fdff6b90ecc882d wp-block-post-date has-text-color has-base-color\"><time datetime=\"2026-04-10T09:31:50+02:00\">2026-04-10<\/time><\/div>\n\n<div class=\"wp-block-post-excerpt\"><p class=\"wp-block-post-excerpt__excerpt\">A K\u00e9k H\u00e1z Gal\u00e9ri\u00e1ban jelenleg k\u00e9t ipolys\u00e1gi alkot\u00f3 t\u00e1rlat\u00e1t l\u00e1thatj\u00e1k az \u00e9rdekel\u0151d\u0151k. Egy k\u00fcl\u00f6nleges technik\u00e1t is megismerhetnek, ha megn\u00e9zik. <\/p><\/div><\/div>\n\n<\/li><li class=\"wp-block-post post-4804 post type-post status-publish format-standard has-post-thumbnail hentry category-hazai\">\n\n<div class=\"wp-block-group is-vertical is-layout-flex wp-container-core-group-is-layout-67500954 wp-block-group-is-layout-flex\" style=\"padding-top:30px;padding-right:30px;padding-bottom:30px;padding-left:30px\"><figure style=\"aspect-ratio:16\/9;height:200px; padding-top:0;padding-bottom:0;\" class=\"aligncenter wp-block-post-featured-image\"><a href=\"http:\/\/estv.hu\/index.php\/2026\/04\/10\/hazai-97\/\" target=\"_self\"  style=\"height:200px\"><img loading=\"lazy\" decoding=\"async\" width=\"1920\" height=\"1080\" src=\"http:\/\/estv.hu\/wp-content\/uploads\/2026\/04\/adrikep-1.jpg\" class=\"attachment-post-thumbnail size-post-thumbnail wp-post-image\" alt=\"Hazai\" style=\"border-style:none;border-width:0px;width:100%;height:100%;object-fit:contain;\" \/><\/a><\/figure>\n\n<h3 class=\"wp-block-post-title\"><a href=\"http:\/\/estv.hu\/index.php\/2026\/04\/10\/hazai-97\/\" target=\"_self\" >Hazai<\/a><\/h3>\n\n<div class=\"has-link-color wp-elements-d6cd143b475b1f5c7fdff6b90ecc882d wp-block-post-date has-text-color has-base-color\"><time datetime=\"2026-04-10T09:30:40+02:00\">2026-04-10<\/time><\/div>\n\n<div class=\"wp-block-post-excerpt\"><p class=\"wp-block-post-excerpt__excerpt\">A Kort\u00e1rs v\u00edzjelek \u2013 akvarell vari\u00e1ci\u00f3k ki\u00e1ll\u00edt\u00e1s m\u00e1jus v\u00e9g\u00e9ig l\u00e1that\u00f3 a K\u00e9k H\u00e1zban, az Akvarell \u00dcnnep r\u00e9szek\u00e9nt. Mutatunk egy \u00edzel\u00edt\u0151t bel\u0151le. <\/p><\/div><\/div>\n\n<\/li><li class=\"wp-block-post post-4801 post type-post status-publish format-standard has-post-thumbnail hentry category-hazai\">\n\n<div class=\"wp-block-group is-vertical is-layout-flex wp-container-core-group-is-layout-67500954 wp-block-group-is-layout-flex\" style=\"padding-top:30px;padding-right:30px;padding-bottom:30px;padding-left:30px\"><figure style=\"aspect-ratio:16\/9;height:200px; padding-top:0;padding-bottom:0;\" class=\"aligncenter wp-block-post-featured-image\"><a href=\"http:\/\/estv.hu\/index.php\/2026\/04\/10\/hazai-96\/\" target=\"_self\"  style=\"height:200px\"><img loading=\"lazy\" decoding=\"async\" width=\"2000\" height=\"1333\" src=\"http:\/\/estv.hu\/wp-content\/uploads\/2026\/04\/VACI-HIRNOK-13.jpg\" class=\"attachment-post-thumbnail size-post-thumbnail wp-post-image\" alt=\"Hazai\" style=\"border-style:none;border-width:0px;width:100%;height:100%;object-fit:contain;\" \/><\/a><\/figure>\n\n<h3 class=\"wp-block-post-title\"><a href=\"http:\/\/estv.hu\/index.php\/2026\/04\/10\/hazai-96\/\" target=\"_self\" >Hazai<\/a><\/h3>\n\n<div class=\"has-link-color wp-elements-d6cd143b475b1f5c7fdff6b90ecc882d wp-block-post-date has-text-color has-base-color\"><time datetime=\"2026-04-10T09:29:34+02:00\">2026-04-10<\/time><\/div>\n\n<div class=\"wp-block-post-excerpt\"><p class=\"wp-block-post-excerpt__excerpt\">\u00c1prilis 11-\u00e9n P\u00e1pay Eszter, Czombos P\u00e9ter \u00e9s T\u00f3bisz Tinelli Tam\u00e1s estj\u00e9t l\u00e1thatj\u00e1k a K\u00e9k H\u00e1zban a k\u00f6lt\u00e9szet napj\u00e1n. Err\u0151l besz\u00e9lgett\u00fcnk a Hazaiban. <\/p><\/div><\/div>\n\n<\/li><li class=\"wp-block-post post-4750 post type-post status-publish format-standard has-post-thumbnail hentry category-hazai\">\n\n<div class=\"wp-block-group is-vertical is-layout-flex wp-container-core-group-is-layout-67500954 wp-block-group-is-layout-flex\" style=\"padding-top:30px;padding-right:30px;padding-bottom:30px;padding-left:30px\"><figure style=\"aspect-ratio:16\/9;height:200px; padding-top:0;padding-bottom:0;\" class=\"aligncenter wp-block-post-featured-image\"><a href=\"http:\/\/estv.hu\/index.php\/2026\/04\/07\/hazai-95\/\" target=\"_self\"  style=\"height:200px\"><img loading=\"lazy\" decoding=\"async\" width=\"1920\" height=\"1080\" src=\"http:\/\/estv.hu\/wp-content\/uploads\/2026\/04\/660075280_1701816754479421_2776853481384189203_n.jpg\" class=\"attachment-post-thumbnail size-post-thumbnail wp-post-image\" alt=\"Hazai\" style=\"border-style:none;border-width:0px;width:100%;height:100%;object-fit:contain;\" \/><\/a><\/figure>\n\n<h3 class=\"wp-block-post-title\"><a href=\"http:\/\/estv.hu\/index.php\/2026\/04\/07\/hazai-95\/\" target=\"_self\" >Hazai<\/a><\/h3>\n\n<div class=\"has-link-color wp-elements-d6cd143b475b1f5c7fdff6b90ecc882d wp-block-post-date has-text-color has-base-color\"><time datetime=\"2026-04-07T10:22:22+02:00\">2026-04-07<\/time><\/div>\n\n<div class=\"wp-block-post-excerpt\"><p class=\"wp-block-post-excerpt__excerpt\">\u00c9g Veled &#8211; ak\u00e1r a h\u00fasv\u00e9t alatt is j\u00f3 program lehet lehet annak az \u00e1lland\u00f3 ki\u00e1ll\u00edt\u00e1snak a megtekint\u00e9se, amely a sz\u00e9kesegyh\u00e1zban j\u00f6tt l\u00e9tre azzal a c\u00e9llal, hogy bemutassa t\u00f6bbek k\u00f6z\u00f6tt a fresk\u00f3k t\u00f6rt\u00e9net\u00e9t \u00e9s a fel\u00faj\u00edt\u00e1s r\u00e9szleteit. <\/p><\/div><\/div>\n\n<\/li><li class=\"wp-block-post post-4748 post type-post status-publish format-standard has-post-thumbnail hentry category-hazai\">\n\n<div class=\"wp-block-group is-vertical is-layout-flex wp-container-core-group-is-layout-67500954 wp-block-group-is-layout-flex\" style=\"padding-top:30px;padding-right:30px;padding-bottom:30px;padding-left:30px\"><figure style=\"aspect-ratio:16\/9;height:200px; padding-top:0;padding-bottom:0;\" class=\"aligncenter wp-block-post-featured-image\"><a href=\"http:\/\/estv.hu\/index.php\/2026\/04\/07\/hazai-94\/\" target=\"_self\"  style=\"height:200px\"><img loading=\"lazy\" decoding=\"async\" width=\"2048\" height=\"1536\" src=\"http:\/\/estv.hu\/wp-content\/uploads\/2026\/04\/661219006_1701816977812732_4257093223753896754_n.jpg\" class=\"attachment-post-thumbnail size-post-thumbnail wp-post-image\" alt=\"Hazai\" style=\"border-style:none;border-width:0px;width:100%;height:100%;object-fit:contain;\" \/><\/a><\/figure>\n\n<h3 class=\"wp-block-post-title\"><a href=\"http:\/\/estv.hu\/index.php\/2026\/04\/07\/hazai-94\/\" target=\"_self\" >Hazai<\/a><\/h3>\n\n<div class=\"has-link-color wp-elements-d6cd143b475b1f5c7fdff6b90ecc882d wp-block-post-date has-text-color has-base-color\"><time datetime=\"2026-04-07T10:21:37+02:00\">2026-04-07<\/time><\/div>\n\n<div class=\"wp-block-post-excerpt\"><p class=\"wp-block-post-excerpt__excerpt\">A Toj\u00e1sd\u00edsz\u00edt\u0151k a Dunakanyarban 2026. t\u00e1rlat a t\u00e1jegys\u00e9gek mot\u00edvumait, sz\u00edneit mutatja be \u00e9s olyan k\u00fcl\u00f6nlegess\u00e9gek is l\u00e1that\u00f3k id\u00e9n, mint p\u00e9ld\u00e1ul a patkolt vagy dr\u00f3tos technik\u00e1val d\u00edsz\u00edtett toj\u00e1sok. Ha mindez \u00e9rdekli \u00d6n\u00f6ket, nem kell m\u00e1st tenni\u00fck, mint ell\u00e1togatni a m\u0171vel\u0151d\u00e9si k\u00f6zpont aul\u00e1j\u00e1ba. De el\u0151tte megn\u00e9zhetik a ki\u00e1ll\u00edt\u00e1s \u00f6sszefoglal\u00f3j\u00e1t a Hazaiban is ma este. <\/p><\/div><\/div>\n\n<\/li><\/ul>\n\n<nav class=\"alignright wp-block-query-pagination is-content-justification-center is-layout-flex wp-container-core-query-pagination-is-layout-a89b3969 wp-block-query-pagination-is-layout-flex\" aria-label=\"Lapoz\u00e1s\">\n\n\n<div class=\"wp-block-query-pagination-numbers\"><span aria-current=\"page\" class=\"page-numbers current\">1<\/span>\n<a class=\"page-numbers\" href=\"?query-85-page=2\">2<\/a>\n<a class=\"page-numbers\" href=\"?query-85-page=3\">3<\/a>\n<span class=\"page-numbers dots\">&hellip;<\/span>\n<a class=\"page-numbers\" href=\"?query-85-page=17\">17<\/a><\/div>\n\n<a href=\"\/index.php\/wp-json\/wp\/v2\/pages\/944?query-85-page=2\" class=\"wp-block-query-pagination-next\">K\u00f6vetkez\u0151 oldal<span class='wp-block-query-pagination-next-arrow is-arrow-chevron' aria-hidden='true'>\u00bb<\/span><\/a>\n<\/nav><\/div>\n\n\n\n<p><\/p>\n","protected":false},"excerpt":{"rendered":"","protected":false},"author":1,"featured_media":0,"parent":0,"menu_order":0,"comment_status":"closed","ping_status":"closed","template":"","meta":{"footnotes":""},"class_list":["post-944","page","type-page","status-publish","hentry"],"_links":{"self":[{"href":"http:\/\/estv.hu\/index.php\/wp-json\/wp\/v2\/pages\/944","targetHints":{"allow":["GET"]}}],"collection":[{"href":"http:\/\/estv.hu\/index.php\/wp-json\/wp\/v2\/pages"}],"about":[{"href":"http:\/\/estv.hu\/index.php\/wp-json\/wp\/v2\/types\/page"}],"author":[{"embeddable":true,"href":"http:\/\/estv.hu\/index.php\/wp-json\/wp\/v2\/users\/1"}],"replies":[{"embeddable":true,"href":"http:\/\/estv.hu\/index.php\/wp-json\/wp\/v2\/comments?post=944"}],"version-history":[{"count":2,"href":"http:\/\/estv.hu\/index.php\/wp-json\/wp\/v2\/pages\/944\/revisions"}],"predecessor-version":[{"id":1059,"href":"http:\/\/estv.hu\/index.php\/wp-json\/wp\/v2\/pages\/944\/revisions\/1059"}],"wp:attachment":[{"href":"http:\/\/estv.hu\/index.php\/wp-json\/wp\/v2\/media?parent=944"}],"curies":[{"name":"wp","href":"https:\/\/api.w.org\/{rel}","templated":true}]}}