{"id":4338,"date":"2026-03-09T08:27:12","date_gmt":"2026-03-09T07:27:12","guid":{"rendered":"http:\/\/estv.hu\/?page_id=4338"},"modified":"2026-03-09T09:01:22","modified_gmt":"2026-03-09T08:01:22","slug":"palyazatok","status":"publish","type":"page","link":"https:\/\/estv.hu\/index.php\/palyazatok\/","title":{"rendered":"P\u00e1ly\u00e1zatok"},"content":{"rendered":"\n<div class=\"wp-block-file\"><a id=\"wp-block-file--media-100d06f7-d63a-4265-a41b-1d837dcbc422\" href=\"https:\/\/estv.hu\/wp-content\/uploads\/2026\/03\/Ajanlati-felhivas_Vaci-Varosimazs-Nkft_Vaci-Hirnok-nyomtatasi-munkalatai-2026-03-04.pdf\">Aj\u00e1nlati felh\u00edv\u00e1s_V\u00e1ci V\u00e1rosim\u00e1zs Nkft_V\u00e1ci H\u00edrn\u00f6k nyomtat\u00e1si munk\u00e1latai 2026 03 04<\/a><\/div>\n\n\n\n<div class=\"wp-block-file\"><a id=\"wp-block-file--media-4a4bd3cc-a078-45f1-9137-e00065abf5f9\" href=\"https:\/\/estv.hu\/wp-content\/uploads\/2026\/03\/Nyilatkozatmintak-Vaci-Varosimazs-NKft.-2026-03-04.docx\">Nyilatkozatmint\u00e1k V\u00e1ci V\u00e1rosim\u00e1zs NKft. 2026 03 04<\/a><\/div>\n\n\n\n<div class=\"wp-block-file\"><a id=\"wp-block-file--media-3a4a7445-8fa8-498b-a775-05b3aa8efeaa\" href=\"https:\/\/estv.hu\/wp-content\/uploads\/2026\/03\/Szerzodes-Tervezet_Vaci-Varosimazs-Nkft_Vaci-Hirnok-nyomtatasi-munkalatai-2026-03-04.docx\">Szerz\u0151d\u00e9s Tervezet_V\u00e1ci V\u00e1rosim\u00e1zs Nkft_V\u00e1ci H\u00edrn\u00f6k nyomtat\u00e1si munk\u00e1latai 2026 03 04<\/a><\/div>\n","protected":false},"excerpt":{"rendered":"","protected":false},"author":5,"featured_media":0,"parent":0,"menu_order":0,"comment_status":"closed","ping_status":"closed","template":"","meta":{"footnotes":""},"class_list":["post-4338","page","type-page","status-publish","hentry"],"_links":{"self":[{"href":"https:\/\/estv.hu\/index.php\/wp-json\/wp\/v2\/pages\/4338","targetHints":{"allow":["GET"]}}],"collection":[{"href":"https:\/\/estv.hu\/index.php\/wp-json\/wp\/v2\/pages"}],"about":[{"href":"https:\/\/estv.hu\/index.php\/wp-json\/wp\/v2\/types\/page"}],"author":[{"embeddable":true,"href":"https:\/\/estv.hu\/index.php\/wp-json\/wp\/v2\/users\/5"}],"replies":[{"embeddable":true,"href":"https:\/\/estv.hu\/index.php\/wp-json\/wp\/v2\/comments?post=4338"}],"version-history":[{"count":5,"href":"https:\/\/estv.hu\/index.php\/wp-json\/wp\/v2\/pages\/4338\/revisions"}],"predecessor-version":[{"id":4351,"href":"https:\/\/estv.hu\/index.php\/wp-json\/wp\/v2\/pages\/4338\/revisions\/4351"}],"wp:attachment":[{"href":"https:\/\/estv.hu\/index.php\/wp-json\/wp\/v2\/media?parent=4338"}],"curies":[{"name":"wp","href":"https:\/\/api.w.org\/{rel}","templated":true}]}}